{"id":700,"date":"2023-05-09T09:42:46","date_gmt":"2023-05-09T07:42:46","guid":{"rendered":"http:\/\/installacions-audiovisuals.recursos.uoc.edu\/1-2-tipologias\/"},"modified":"2023-07-12T10:12:03","modified_gmt":"2023-07-12T08:12:03","slug":"1-2-tipologias","status":"publish","type":"page","link":"http:\/\/installacions-audiovisuals.recursos.uoc.edu\/es\/1-2-tipologias\/","title":{"rendered":"1.2. Tipolog\u00edas"},"content":{"rendered":"<p>Hemos dividido el campo de las instalaciones audiovisuales en tres categor\u00edas b\u00e1sicas, lo que nos ha permitido organizar el temario y contenidos de esta asignatura.<\/p>\n<p>Una de estas categor\u00edas, en el apartado \u00ab<strong>Videoinstalaciones<\/strong>\u00bb, se caracteriza por el uso de <strong>elementos de v\u00eddeo<\/strong> para su construcci\u00f3n, mientras que la segunda, en el apartado \u00ab<strong>Luz, sonido, movimiento y espacio<\/strong>\u00bb, describe una tipolog\u00eda basada en <strong>la<\/strong> <strong>luz<\/strong>, <strong>el<\/strong> <strong>espacio<\/strong> y <strong>el uso de elementos cin\u00e9ticos<\/strong>. En la categor\u00eda \u00ab<strong>Interactividad<\/strong>\u00bb se describen aquellas tipolog\u00edas de instalaci\u00f3n donde la participaci\u00f3n del p\u00fablico \u2013bien sea mediante interacci\u00f3n digital o anal\u00f3gica\u2013 juega un papel clave. Estas categor\u00edas no son divisorias ni estancas, ya que permiten hibridaci\u00f3n entre s\u00ed, as\u00ed como la incorporaci\u00f3n de elementos nuevos.<\/p>\n<p>En los tres apartados podremos encontrar multitud de tipolog\u00edas diferentes, en funci\u00f3n de sus caracter\u00edsticas o especificidades definitorias, pero no exclusivas, que nos ayudan a definir un cierto tipo de agrupaciones: tama\u00f1o de la instalaci\u00f3n, elementos t\u00e9cnicos, elementos art\u00edsticos, formato expositivo, medio o soporte expositivo, espacio expositivo, elementos de interacci\u00f3n datos-instalaci\u00f3n \/ persona-instalaci\u00f3n, etc.<\/p>\n<div class=\"featured featured-blue\"><p>Es interesante tener en cuenta que muchas de estas tipolog\u00edas o muchos de estos formatos son de nuevo cu\u00f1o, ya que est\u00e1n basadas en tecnolog\u00edas que son recientes o que se encuentran en fase experimental, y se sit\u00faan en el terreno de las vanguardias de la creaci\u00f3n digital contempor\u00e1nea.<\/p>\n<\/div>\n<div class=\"tabletitle\"><p>Tabla 1. Tipolog\u00eda<\/p>\n<\/div>\n<table>\n<tbody>\n<tr>\n<th style=\"text-align: left;\" scope=\"row\">Videoinstalaciones<br \/>\n(formato expositivo)<\/th>\n<td>\n<ul>\n<li>Instalaciones inmersivas.<\/li>\n<li>Instalaciones de realidad virtual.<\/li>\n<li>Instalaciones de realidad aumentada.<\/li>\n<li>Instalaci\u00f3n audiovisual sobre soporte de pantalla.<\/li>\n<li>Instalaci\u00f3n audiovisual sobre espacio o soportes volum\u00e9tricos \/ <em>Mapping.<\/em><\/li>\n<li>Instalaci\u00f3n interactiva sobre soporte de pantalla.<\/li>\n<li>Instalaci\u00f3n interactiva sobre espacio o soportes volum\u00e9tricos.<\/li>\n<li><em>Media<\/em> arquitectura \/ <em>Media facade.<\/em><\/li>\n<li>Instalaci\u00f3n de datos.<\/li>\n<li>Hologramas \/ <em>Pepper\u2019s ghost.<\/em><\/li>\n<li>Pared interactiva.<\/li>\n<li>Suelo interactivo.<\/li>\n<\/ul>\n<\/td>\n<\/tr>\n<tr>\n<th style=\"text-align: left;\" scope=\"row\">Luz, sonido, movimiento y espacio<\/th>\n<td>\n<ul>\n<li>Instalaci\u00f3n de arte lum\u00ednico.<\/li>\n<li>Instalaci\u00f3n de arte sonoro.<\/li>\n<li>Instalaci\u00f3n inmersiva de luz y sonido.<\/li>\n<li>Escultura de luz.<\/li>\n<li>Espaci\u00f3 <em>figital.<\/em><\/li>\n<\/ul>\n<\/td>\n<\/tr>\n<tr>\n<th style=\"text-align: left;\" scope=\"row\">Componente de interacci\u00f3n<\/th>\n<td>\n<ul>\n<li>Instalaci\u00f3n interactiva.<\/li>\n<li>Instalaci\u00f3n reactiva.<\/li>\n<li>Instalaci\u00f3n de visualizaci\u00f3n \/ sonificaci\u00f3n de datos.<\/li>\n<li>Interacci\u00f3n f\u00edsica persona-m\u00e1quina.<\/li>\n<li>Interacci\u00f3n biom\u00e9trica persona-m\u00e1quina.<\/li>\n<li>Instalaci\u00f3n monousuario.<\/li>\n<li>Instalaci\u00f3n multiusuario.<\/li>\n<\/ul>\n<\/td>\n<\/tr>\n<\/tbody>\n<\/table>\n","protected":false},"excerpt":{"rendered":"<p>Hemos dividido el campo de las instalaciones audiovisuales en tres categor\u00edas b\u00e1sicas, lo que nos ha permitido organizar el temario y contenidos de esta asignatura. Una de estas categor\u00edas, en el apartado \u00abVideoinstalaciones\u00bb, se caracteriza por el uso de elementos de v\u00eddeo para su construcci\u00f3n, mientras que la segunda, en el apartado \u00abLuz, sonido, movimiento [&hellip;]<\/p>\n","protected":false},"author":2,"featured_media":0,"parent":0,"menu_order":0,"comment_status":"closed","ping_status":"closed","template":"","meta":[],"acf":[],"_links":{"self":[{"href":"http:\/\/installacions-audiovisuals.recursos.uoc.edu\/es\/wp-json\/wp\/v2\/pages\/700"}],"collection":[{"href":"http:\/\/installacions-audiovisuals.recursos.uoc.edu\/es\/wp-json\/wp\/v2\/pages"}],"about":[{"href":"http:\/\/installacions-audiovisuals.recursos.uoc.edu\/es\/wp-json\/wp\/v2\/types\/page"}],"author":[{"embeddable":true,"href":"http:\/\/installacions-audiovisuals.recursos.uoc.edu\/es\/wp-json\/wp\/v2\/users\/2"}],"replies":[{"embeddable":true,"href":"http:\/\/installacions-audiovisuals.recursos.uoc.edu\/es\/wp-json\/wp\/v2\/comments?post=700"}],"version-history":[{"count":12,"href":"http:\/\/installacions-audiovisuals.recursos.uoc.edu\/es\/wp-json\/wp\/v2\/pages\/700\/revisions"}],"predecessor-version":[{"id":1218,"href":"http:\/\/installacions-audiovisuals.recursos.uoc.edu\/es\/wp-json\/wp\/v2\/pages\/700\/revisions\/1218"}],"wp:attachment":[{"href":"http:\/\/installacions-audiovisuals.recursos.uoc.edu\/es\/wp-json\/wp\/v2\/media?parent=700"}],"curies":[{"name":"wp","href":"https:\/\/api.w.org\/{rel}","templated":true}]}}