{"id":709,"date":"2023-05-09T10:00:40","date_gmt":"2023-05-09T08:00:40","guid":{"rendered":"http:\/\/installacions-audiovisuals.recursos.uoc.edu\/?page_id=709"},"modified":"2023-07-12T10:21:12","modified_gmt":"2023-07-12T08:21:12","slug":"1-3-espacios-de-exhibicion","status":"publish","type":"page","link":"http:\/\/installacions-audiovisuals.recursos.uoc.edu\/es\/1-3-espacios-de-exhibicion\/","title":{"rendered":"1.3. Espacios de exhibici\u00f3n"},"content":{"rendered":"<p>Existen m\u00faltiples canales y espacios de exhibici\u00f3n dedicados a la cultura y al arte digital, desde museos y galer\u00edas de arte hasta festivales, centros de arte, centros de residencias art\u00edsticas e incluso espacios virtuales.<\/p>\n<ul>\n<li><strong>Centros de arte contempor\u00e1neo y galer\u00edas<\/strong>. El arte digital es una de las m\u00faltiples manifestaciones del arte contempor\u00e1neo, por lo que distintos centros dedicados al arte pueden ser espacios expositivos ideales para videoinstalaciones. En Barcelona, podemos encontrar centros de arte afines, como el Arts Santa M\u00f2nica, o galer\u00edas de arte como las del Consorcio de Galer\u00edas: por ejemplo, la galer\u00eda \u00c0ngels o la galer\u00eda Senda. En Madrid, La Casa Encendida o el centro Conde Duque. Y, en Nueva York, la pionera <a href=\"https:\/\/bitforms.art\/\" target=\"_blank\" rel=\"noopener\">Bitforms Gallery<\/a>, dedicada al arte digital.<\/li>\n<li><strong>Ferias. <\/strong>Podemos encontrar espacios expositivos en ferias y eventos internacionales dedicados al arte, como <a href=\"https:\/\/www.ifema.es\/arco\/madrid\" target=\"_blank\" rel=\"noopener\">ARCO<\/a> (Madrid y Lisboa) y el premio ARCO\/BEEP de Arte Electr\u00f3nico, <a href=\"https:\/\/swab.es\/\" target=\"_blank\" rel=\"noopener\">Swab Barcelona Art Fair <\/a>(Barcelona), etc.<\/li>\n<li><strong>Concursos o convocatorias art\u00edsticas. <\/strong>Muchos centros de arte y festivales lanzan convocatorias para residencias art\u00edsticas y para la producci\u00f3n de proyectos, o convocatorias de proyectos ya realizados.<\/li>\n<li><strong>Festivales. <\/strong>Probablemente, este sea el espacio expositivo ideal para seg\u00fan qu\u00e9 tipo de instalaciones audiovisuales. Podemos encontrar mucha oferta nacional e internacional de festivales y encuentros dedicados al arte y a la cultura digital o a la luz. Vamos a destacar algunos:\n<ul>\n<li>En Catalu\u00f1a: <a href=\"https:\/\/sonarplusd.com\/\" target=\"_blank\" rel=\"noopener\">S\u00f3nar+D<\/a> (Barcelona), <a href=\"https:\/\/mirafestival.com\/\" target=\"_blank\" rel=\"noopener\">MIRA Festival<\/a> (Barcelona), <a href=\"https:\/\/eufonic.net\/es\/\" target=\"_blank\" rel=\"noopener\">Festival Euf\u00f2nic<\/a> (Terres de l\u2019Ebre), festivales de luz de diferentes ciudades, como <a href=\"https:\/\/www.barcelona.cat\/llumbcn\/es\" target=\"_blank\" rel=\"noopener\">Llum Bcn<\/a> (Barcelona), <a href=\"https:\/\/www.lluernia.cat\/\" target=\"_blank\" rel=\"noopener\">Llu\u00e8rnia<\/a> (Olot), etc.<\/li>\n<li>En Espa\u00f1a: <a href=\"https:\/\/levfestival.com\/\" target=\"_blank\" rel=\"noopener\">LEV (Gij\u00f3n) y LEV Matadero<\/a> (Madrid) y festivales de luz de diferentes ciudades, como el <a href=\"http:\/\/luzmadridfestival.com\/\" target=\"_blank\" rel=\"noopener\">Luz Madrid<\/a> (Madrid).<\/li>\n<li>En el \u00e1mbito internacional: <a href=\"https:\/\/ars.electronica.art\/\" target=\"_blank\" rel=\"noopener\">Ars Electronica<\/a> (Linz), <a href=\"https:\/\/transmediale.de\/en\" target=\"_blank\" rel=\"noopener\">Transmediale<\/a> (Berl\u00edn), <a href=\"https:\/\/www.pixelache.ac\/\" target=\"_blank\" rel=\"noopener\">Pixelache<\/a> (Helsinki), <a href=\"https:\/\/www.signalfestival.com\/en\/\" target=\"_blank\" rel=\"noopener\">Signal Festival <\/a>(Praga), <a href=\"https:\/\/mappingfestival.com\/\" target=\"_blank\" rel=\"noopener\">Mapping Festival<\/a> (Ginebra), <a href=\"https:\/\/www.kikk.be\/\" target=\"_blank\" rel=\"noopener\">Kikk<\/a> (Bruselas), <a href=\"https:\/\/eyeofestival.com\/\" target=\"_blank\" rel=\"noopener\">Eyeo<\/a> (USA), <a href=\"https:\/\/j-mediaarts.jp\/en\/\" target=\"_blank\" rel=\"noopener\">Japan Media Arts Festival <\/a>(Jap\u00f3n), y festivales de la luz, como <a href=\"https:\/\/www.fetedeslumieres.lyon.fr\/\" target=\"_blank\" rel=\"noopener\">F\u00eate des Lumi\u00e8res<\/a> (Lyon), <a href=\"https:\/\/amsterdamlightfestival.com\/en\" target=\"_blank\" rel=\"noopener\">Amsterdam Light Festival<\/a> (\u00c1msterdam) o <a href=\"https:\/\/gloweindhoven.nl\/en\/\" target=\"_blank\" rel=\"noopener\">Glow Eindhoven<\/a> (Eindhoven), entre muchos otros.<\/li>\n<\/ul>\n<\/li>\n<li><strong>Espacio p\u00fablico<\/strong>. El espacio p\u00fablico es un buen espacio expositivo para la exhibici\u00f3n de proyectos art\u00edsticos o reivindicativos, como intervenciones urbanas, <em>mappings<\/em> o videoataques.<\/li>\n<\/ul>\n<p>El sector de la creaci\u00f3n audiovisual y el circuito de espacios de producci\u00f3n y exhibici\u00f3n de arte digital parecen mundos cerrados dif\u00edciles de penetrar, pero podemos acceder a ellos a partir del trabajo bien hecho y del uso de recursos y estrategias.<\/p>\n<ul>\n<li><strong>Agencias. <\/strong>Existen agencias de medios y eventos, o agencias de publicidad que necesitan contenidos para sus eventos, as\u00ed como agencias de <em>booking<\/em> que necesitan creadores visuales para sus artistas musicales.<\/li>\n<li><strong>Encargos. <\/strong>Podemos recibir encargos de particulares, empresas, locales, clubes e instituciones p\u00fablicas (ayuntamientos, gobiernos auton\u00f3micos, centros c\u00edvicos\u2026) o privadas (fundaciones, empresas, etc.), u ofrecerles nuestros servicios.<\/li>\n<li><strong>Propuestas personales. <\/strong>Con pasi\u00f3n, ganas y esfuerzo, podemos desarrollar nuestro trabajo personal siguiendo l\u00edneas de investigaci\u00f3n propias y planteamientos originales. Seguro que obtenemos una respuesta y podemos acceder a proyectos y espacios expositivos.<\/li>\n<li><strong>Becas<\/strong> <strong>y residencias. <\/strong>Podemos acceder a circuitos de becas y convocatorias de residencias art\u00edsticas otorgadas por instituciones p\u00fablicas (gobiernos auton\u00f3micos, diputaciones, ayuntamientos) o centros de producci\u00f3n. En concreto, en Catalu\u00f1a, los centros de <a href=\"https:\/\/xarxaprod.cat\/\" target=\"_blank\" rel=\"noopener\">Xarxaprod<\/a> o <a href=\"https:\/\/hangar.org\/\" target=\"_blank\" rel=\"noopener\">Hangar<\/a> centro de producci\u00f3n e investigaci\u00f3n art\u00edstica (Barcelona), entre otros centros. Tambi\u00e9n, por ejemplo, las becas <a href=\"https:\/\/www.barcelona.cat\/barcelonacultura\/es\/suportcultura\" target=\"_blank\" rel=\"noopener\">Barcelona Crea<\/a>, o las que recoge la <a href=\"https:\/\/www.paac.cat\/\" target=\"_blank\" rel=\"noopener\">PAAC<\/a>, la plataforma asamblearia de artistas de Catalu\u00f1a. Y, en el Estado espa\u00f1ol, <a href=\"https:\/\/bilbaoarte.org\/\" target=\"_blank\" rel=\"noopener\">BilbaoArte<\/a> (Bilbao), <a href=\"https:\/\/www.centrohuarte.es\/\" target=\"_blank\" rel=\"noopener\">Centro de Arte Huarte<\/a> (Navarra) o <a href=\"https:\/\/latermicamalaga.com\/\" target=\"_blank\" rel=\"noopener\">La T\u00e9rmica<\/a> (M\u00e1laga), entre muchos otros.<\/li>\n<li><strong><em>Networking<\/em><\/strong><strong> y redes sociales. <\/strong>La creaci\u00f3n de redes, el establecimiento de v\u00ednculos dentro de la comunidad de creadores digitales y el uso de las redes sociales para la difusi\u00f3n de nuestro trabajo son aspectos importantes que hay que potenciar.<\/li>\n<li><strong>Creaci\u00f3n colectiva: <em>hacklabs<\/em> y colectivos. <\/strong>La creaci\u00f3n colectiva mediante la asociaci\u00f3n de sus miembros en <em>hacklabs<\/em> o colectivos art\u00edsticos es una buena alternativa para compartir recursos y conocimientos. Por ejemplo, <a href=\"https:\/\/telenoika.net\/\" target=\"_blank\" rel=\"noopener\">Telenoika<\/a>, <a href=\"https:\/\/www.facebook.com\/MaticsBarcelona\/\" target=\"_blank\" rel=\"noopener\">Matics Barcelona<\/a>, <a href=\"http:\/\/booleans.cat\/\" target=\"_blank\" rel=\"noopener\">Booleans<\/a>, en Barcelona, o <a href=\"https:\/\/www.unruidosecreto.net\/category\/escoitar-org\/\" target=\"_blank\" rel=\"noopener\">Escoitar<\/a>, <a href=\"https:\/\/basurama.org\/\" target=\"_blank\" rel=\"noopener\">Basurama<\/a>, <a href=\"https:\/\/sindominio.net\/fiambrera\/index3.htm\" target=\"_blank\" rel=\"noopener\">La Fiambrera Obrera<\/a>, <a href=\"http:\/\/www.lalalab.org\/\" target=\"_blank\" rel=\"noopener\">Lalalab<\/a>, El Campo de Cebada, a nivel estatal, entre muchos otros.<\/li>\n<\/ul>\n","protected":false},"excerpt":{"rendered":"<p>Existen m\u00faltiples canales y espacios de exhibici\u00f3n dedicados a la cultura y al arte digital, desde museos y galer\u00edas de arte hasta festivales, centros de arte, centros de residencias art\u00edsticas e incluso espacios virtuales. Centros de arte contempor\u00e1neo y galer\u00edas. El arte digital es una de las m\u00faltiples manifestaciones del arte contempor\u00e1neo, por lo que [&hellip;]<\/p>\n","protected":false},"author":2,"featured_media":0,"parent":0,"menu_order":0,"comment_status":"closed","ping_status":"closed","template":"","meta":[],"acf":[],"_links":{"self":[{"href":"http:\/\/installacions-audiovisuals.recursos.uoc.edu\/es\/wp-json\/wp\/v2\/pages\/709"}],"collection":[{"href":"http:\/\/installacions-audiovisuals.recursos.uoc.edu\/es\/wp-json\/wp\/v2\/pages"}],"about":[{"href":"http:\/\/installacions-audiovisuals.recursos.uoc.edu\/es\/wp-json\/wp\/v2\/types\/page"}],"author":[{"embeddable":true,"href":"http:\/\/installacions-audiovisuals.recursos.uoc.edu\/es\/wp-json\/wp\/v2\/users\/2"}],"replies":[{"embeddable":true,"href":"http:\/\/installacions-audiovisuals.recursos.uoc.edu\/es\/wp-json\/wp\/v2\/comments?post=709"}],"version-history":[{"count":15,"href":"http:\/\/installacions-audiovisuals.recursos.uoc.edu\/es\/wp-json\/wp\/v2\/pages\/709\/revisions"}],"predecessor-version":[{"id":1222,"href":"http:\/\/installacions-audiovisuals.recursos.uoc.edu\/es\/wp-json\/wp\/v2\/pages\/709\/revisions\/1222"}],"wp:attachment":[{"href":"http:\/\/installacions-audiovisuals.recursos.uoc.edu\/es\/wp-json\/wp\/v2\/media?parent=709"}],"curies":[{"name":"wp","href":"https:\/\/api.w.org\/{rel}","templated":true}]}}