{"id":734,"date":"2023-05-09T10:34:34","date_gmt":"2023-05-09T08:34:34","guid":{"rendered":"http:\/\/installacions-audiovisuals.recursos.uoc.edu\/?page_id=734"},"modified":"2023-07-06T09:52:07","modified_gmt":"2023-07-06T07:52:07","slug":"2-3-video-killed-the-radio-star-videoarte-y-cultura-de-masas","status":"publish","type":"page","link":"http:\/\/installacions-audiovisuals.recursos.uoc.edu\/es\/2-3-video-killed-the-radio-star-videoarte-y-cultura-de-masas\/","title":{"rendered":"2.3. <em>Video killed the radio star<\/em>. Videoarte y cultura de masas"},"content":{"rendered":"<p>Con la aparici\u00f3n de los medios de difusi\u00f3n masiva de propaganda, la prensa escrita, la radio, el cine y, posteriormente, la televisi\u00f3n, se culmina la integraci\u00f3n de las masas en el estado a trav\u00e9s de los partidos pol\u00edticos, en el proceso de construcci\u00f3n y legitimaci\u00f3n del estado moderno iniciado a partir de finales del siglo <span class=\"roman\">xvii<\/span>.<\/p>\n<p>En 1927 Ortega y Gasset reflexiona, en su libro <em>La rebeli\u00f3n de las masas<\/em>, sobre el concepto de <em>hombre-masa<\/em>, pero es a partir del final de la Segunda Guerra Mundial cuando proliferan los estudios sobre la <strong>sociedad de masas<\/strong>, la <strong>cultura de masas<\/strong> y los <strong><em>mass media <\/em>o medios de comunicaci\u00f3n de masas<\/strong>, iniciados por la teor\u00eda cr\u00edtica de la Escuela de Frankfurt, con Adorno o Herbert Marcuse a la cabeza. En su libro <em>El hombre unidimensional<\/em>, Marcuse explica lo siguiente:<\/p>\n<blockquote><p>\u00abLa gente se reconoce en sus mercanc\u00edas; encuentra su alma en su autom\u00f3vil, en su aparato de alta fidelidad, su casa, su equipo de cocina. El mecanismo que une el individuo a su sociedad ha cambiado, y el control social se ha incrustado en las nuevas necesidades que ha producido.\u00bb<\/p><\/blockquote>\n<div class=\"blockquote-author\"><p>(Herbert Marcuse, <em>El hombre unidimensional, <\/em>1967)<em>. <\/em><\/p>\n<\/div>\n<p>En la sociedad de masas de los sistemas industriales avanzados, el mecanismo que une el individuo a la sociedad es la cultura de masas, mecanismo que permite el control social y es usado como herramienta de legitimaci\u00f3n del estado y del sistema de partidos. Para algunos te\u00f3ricos de la comunicaci\u00f3n de masas:<\/p>\n<blockquote><p>\u00ablos <em>mass media<\/em> constituyen al mismo tiempo un important\u00edsimo sector industrial, un universo simb\u00f3lico objeto de consumo masivo, una inversi\u00f3n tecnol\u00f3gica en continua expansi\u00f3n, una experiencia individual cotidiana, un terreno de enfrentamiento pol\u00edtico, un sistema de mediaci\u00f3n cultural y de agregaci\u00f3n social, una manera de pasar el tiempo, etc.\u00bb<\/p><\/blockquote>\n<div class=\"blockquote-author\"><p><em>\u00a0<\/em>(Mauro Wolf, <em>La investigaci\u00f3n de la comunicaci\u00f3n de masas<\/em>, 1987).<\/p>\n<\/div>\n<p>La cultura, concepto complejo en s\u00ed mismo, hab\u00eda sido culta o popular (folklore). A partir de la aparici\u00f3n de los medios de comunicaci\u00f3n de masas, se convierte en cultura de masas; pasa a ser un objeto de consumo masivo.<\/p>\n<p>La palabra escrita y la radio, pero definitivamente el cine y la televisi\u00f3n (despu\u00e9s, Internet), se convirtieron en <strong>medios de difusi\u00f3n masiva<\/strong>, herramientas de manipulaci\u00f3n y control en las sociedades industriales avanzadas surgidas despu\u00e9s de la Segunda Guerra Mundial. La segunda mitad del siglo xx no se podr\u00eda explicar en t\u00e9rminos de <em>memoria colectiva<\/em> sin las im\u00e1genes producidas por el cine y la televisi\u00f3n. La capacidad de la televisi\u00f3n y el cine, por medio de la imagen, para producir universos simb\u00f3licos ayud\u00f3 al dominio de la hegemon\u00eda cultural anglosajona y, especialmente, de los EE. UU. En ese proceso, la m\u00fasica comercial anglosajona, y su relaci\u00f3n con el mundo del cine, la televisi\u00f3n y la imagen, han tenido un papel determinante.<\/p>\n<p>El mundo del cine y de la imagen en movimiento ha estado en relaci\u00f3n con la m\u00fasica desde sus inicios, aun cuando el cine era mudo. <strong><em>The Jazz Singer<\/em><\/strong>, estrenada en 1927, es considerada por los historiadores del cine como el primer largometraje comercial con sonido sincronizado de la historia; pero en 1923 se proyecta <strong><em>From far Seville<\/em><\/strong>, cortometraje donde la artista espa\u00f1ola Conchita Piquer canta a c\u00e1mara un par de piezas de m\u00fasica popular espa\u00f1ola. Imagen y movimiento, m\u00fasica y sonido sincronizado ser\u00e1n, a partir de ese momento, inseparables.<\/p>\n<p><iframe loading=\"lazy\" title=\"Conchita. Fragmento de la pel\u00edcula de Lee de Forest\" width=\"640\" height=\"480\" src=\"https:\/\/www.youtube.com\/embed\/uzYuMmTSwLs?feature=oembed\" frameborder=\"0\" allow=\"accelerometer; autoplay; clipboard-write; encrypted-media; gyroscope; picture-in-picture; web-share\" allowfullscreen><\/iframe><\/p>\n<div class=\"tablefooter\"><p>Video 8. Lee De Forest. <em>From far Seville <\/em>(1923)<br \/>\nFuente: <a href=\"https:\/\/www.youtube.com\/watch?v=uzYuMmTSwLs\" target=\"_blank\" rel=\"noopener\">https:\/\/www.youtube.com\/watch?v=uzYuMmTSwLs<\/a><\/p>\n<\/div>\n<p>Dos son los g\u00e9neros comerciales que el cine ha creado en su larga relaci\u00f3n con el mundo de la m\u00fasica: el musical y el <strong>videoclip<\/strong>. Si ya en los a\u00f1os cincuenta artistas como Elvis Presley dan un salto al mundo del cine en producciones de cine musical, es a partir de los a\u00f1os setenta que aparece el g\u00e9nero del video musical como herramienta de promoci\u00f3n de artistas musicales en el estreno de sus producciones discogr\u00e1ficas, y es a partir de los ochenta, con la aparici\u00f3n de canales musicales de televisi\u00f3n dedicados a la retransmisi\u00f3n de videoclips musicales las 24 horas del d\u00eda, cuando el g\u00e9nero se convierte en masivo y en herramienta imprescindible para la promoci\u00f3n y difusi\u00f3n de artistas musicales. El 1 de agosto de 1981, MTV, el primer canal de televisi\u00f3n dedicado solo a los videos musicales, comienza su emisi\u00f3n con el videoclip del tema <strong><em>Video killed the radio star<\/em><\/strong>. Desde entonces, muchos directores de cine, como John Landis, Martin Scorsese, David Lynch o Wim Wenders, han hecho incursiones en el terreno del videoclip, mientras que otros realizadores, como Spike Jonze, Michael Gondry o Ramain Gavras, han hecho el recorrido inverso, en un proceso de intercambio en el que, a partir de los a\u00f1os noventa, el cine comercial adopta los recursos, la est\u00e9tica y el lenguaje de los videos musicales.<\/p>\n<p>Si bien el video musical es un g\u00e9nero y una herramienta comercial, esto no ha estado re\u00f1ido con la investigaci\u00f3n y la experimentaci\u00f3n en las relaciones entre sonido e imagen, creando verdaderas obras maestras y piezas de culto que han influido en el desarrollo posterior de las distintas disciplinas que usan la imagen en movimiento como medio de expresi\u00f3n.<\/p>\n<p><iframe loading=\"lazy\" title=\"Aphex Twin - Come To Daddy (Director&#039;s Cut)\" width=\"640\" height=\"480\" src=\"https:\/\/www.youtube.com\/embed\/TZ827lkktYs?feature=oembed\" frameborder=\"0\" allow=\"accelerometer; autoplay; clipboard-write; encrypted-media; gyroscope; picture-in-picture; web-share\" allowfullscreen><\/iframe><\/p>\n<div class=\"tablefooter\"><p>Video 9. Chris Cunningham. <em>Come to Daddy<\/em>, Aphex Twin (1992)<br \/>\nFuente: <a href=\"https:\/\/www.youtube.com\/watch?v=TZ827lkktYs\" target=\"_blank\" rel=\"noopener\">https:\/\/www.youtube.com\/watch?v=TZ827lkktYs<\/a><\/p>\n<\/div>\n<p><iframe loading=\"lazy\" title=\"bj\u00f6rk - all is full of love\" width=\"640\" height=\"360\" src=\"https:\/\/www.youtube.com\/embed\/u0cS1FaKPWY?feature=oembed\" frameborder=\"0\" allow=\"accelerometer; autoplay; clipboard-write; encrypted-media; gyroscope; picture-in-picture; web-share\" allowfullscreen><\/iframe><\/p>\n<div class=\"tablefooter\"><p>V\u00eddeo 10. Chris Cunningham. <em>All is Full of Love<\/em>, Bj\u00f6rk (1999)<br \/>\nFuente: <a href=\"https:\/\/www.youtube.com\/watch?v=u0cS1FaKPWY\" target=\"_blank\" rel=\"noopener\">https:\/\/www.youtube.com\/watch?v=u0cS1FaKPWY<\/a><\/p>\n<\/div>\n<p><iframe loading=\"lazy\" title=\"The Chemical Brothers - Let Forever Be\" width=\"640\" height=\"360\" src=\"https:\/\/www.youtube.com\/embed\/s5FyfQDO5g0?feature=oembed\" frameborder=\"0\" allow=\"accelerometer; autoplay; clipboard-write; encrypted-media; gyroscope; picture-in-picture; web-share\" allowfullscreen><\/iframe><\/p>\n<div class=\"tablefooter\"><p>Video 11. Michel Gondry. <em>Let Forever Be<\/em>, Chemical Brothers (1999)<br \/>\nFuente: <a href=\"https:\/\/www.youtube.com\/watch?v=s5FyfQDO5g0\" target=\"_blank\" rel=\"noopener\">https:\/\/www.youtube.com\/watch?v=s5FyfQDO5g0<\/a><\/p>\n<\/div>\n<div class=\"featured featured-grey\"><\/p>\n<h3>Ved tambi\u00e9n:<\/h3>\n<ul>\n<li>John Landis. <a href=\"https:\/\/www.youtube.com\/watch?v=sOnqjkJTMaA\" target=\"_blank\" rel=\"noopener\"><em>Thriller<\/em><\/a>, Michael Jackson (1983).<\/li>\n<li>Steve Barron. <a href=\"https:\/\/www.youtube.com\/watch?v=djV11Xbc914\" target=\"_blank\" rel=\"noopener\"><em>Take on me<\/em><\/a>, A-ha (1985).<\/li>\n<li>Martin Scorsese. <a href=\"https:\/\/www.youtube.com\/watch?v=dsUXAEzaC3Q\" target=\"_blank\" rel=\"noopener\"><em>Bad<\/em><\/a>, Michael Jackson (1987).<\/li>\n<li>John Landis. <a href=\"https:\/\/www.youtube.com\/watch?v=n5b_nIzdvfI\" target=\"_blank\" rel=\"noopener\"><em>Black Or White<\/em><\/a>, Michael Jackson (1991).<\/li>\n<li>Spike Jonze. <a href=\"https:\/\/www.youtube.com\/watch?v=z5rRZdiu1UE\" target=\"_blank\" rel=\"noopener\"><em>Sabotage<\/em><\/a>, Beastie Boys (1994).<\/li>\n<li>Jake Nava. <a href=\"https:\/\/www.youtube.com\/watch?v=4m1EFMoRFvY\" target=\"_blank\" rel=\"noopener\"><em>Single Ladies<\/em><\/a>, Beyonc\u00e9 (2008).<\/li>\n<li>Romain Gavra. <a href=\"https:\/\/www.youtube.com\/watch?v=FJt7gNi3Nr4\" target=\"_blank\" rel=\"noopener\"><em>No Church In The Wild<\/em><\/a>, Kanye West &amp; Jay-Z (2012).<\/li>\n<\/ul>\n<p>\n<\/div>\n<div class=\"featured featured-blue\"><\/p>\n<h3>Chris Cunningham<\/h3>\n<p>Es un videoartista y realizador audiovisual ingl\u00e9s, reconocido por sus trabajos en el campo del video musical durante los a\u00f1os noventa y los primeros 2000. Sus primeros trabajos en el mundo del cine se encuentran en los efectos especiales de pel\u00edculas de la saga <em>Alien<\/em>, como <em>Alien<\/em> y <em>Alien Resurrecci\u00f3n<\/em>. Pero es en el video musical donde encontramos sus trabajos m\u00e1s destacados, fruto de la colaboraci\u00f3n con el sello Warp Records o con artistas como Madonna, Bj\u00f6rk, Portishead o Aphex Twin.<\/p>\n<p><iframe loading=\"lazy\" title=\"Autechre - Second Bad Vilbel (Official Music Video) 1080p HD\" width=\"640\" height=\"360\" src=\"https:\/\/www.youtube.com\/embed\/g6zT3kVtpHc?feature=oembed\" frameborder=\"0\" allow=\"accelerometer; autoplay; clipboard-write; encrypted-media; gyroscope; picture-in-picture; web-share\" allowfullscreen><\/iframe><\/p>\n<div class=\"tablefooter\"><p>Video 12. Chris Cunningham. <em>Second Bad Vilbel<\/em>, <a href=\"https:\/\/es.wikipedia.org\/wiki\/Autechre\" target=\"_blank\" rel=\"noopener\">Autechre<\/a> (1995)<br \/>\nFuente: <a href=\"https:\/\/www.youtube.com\/watch?v=g6zT3kVtpHc\" target=\"_blank\" rel=\"noopener\">https:\/\/www.youtube.com\/watch?v=g6zT3kVtpHc<\/a><\/p>\n<\/div>\n<p>Para m\u00e1s informaci\u00f3n:<br \/>\n<a href=\"https:\/\/es.wikipedia.org\/wiki\/Chris_Cunningham\" target=\"_blank\" rel=\"noopener\">https:\/\/es.wikipedia.org\/wiki\/Chris_Cunningham<\/a><br \/>\n<a href=\"https:\/\/www.elmundo.es\/navegante\/especiales\/2000\/artfutura00\/cunninham.html\" target=\"_blank\" rel=\"noopener\">https:\/\/www.elmundo.es\/navegante\/especiales\/2000\/artfutura00\/cunninham.html<\/a><br \/>\n<a href=\"http:\/\/www.artfutura.org\/02\/arte_chris.html\" target=\"_blank\" rel=\"noopener\">http:\/\/www.artfutura.org\/02\/arte_chris.html<\/a><\/p>\n<\/div>\n","protected":false},"excerpt":{"rendered":"<p>Con la aparici\u00f3n de los medios de difusi\u00f3n masiva de propaganda, la prensa escrita, la radio, el cine y, posteriormente, la televisi\u00f3n, se culmina la integraci\u00f3n de las masas en el estado a trav\u00e9s de los partidos pol\u00edticos, en el proceso de construcci\u00f3n y legitimaci\u00f3n del estado moderno iniciado a partir de finales del siglo [&hellip;]<\/p>\n","protected":false},"author":2,"featured_media":0,"parent":0,"menu_order":0,"comment_status":"closed","ping_status":"closed","template":"","meta":[],"acf":[],"_links":{"self":[{"href":"http:\/\/installacions-audiovisuals.recursos.uoc.edu\/es\/wp-json\/wp\/v2\/pages\/734"}],"collection":[{"href":"http:\/\/installacions-audiovisuals.recursos.uoc.edu\/es\/wp-json\/wp\/v2\/pages"}],"about":[{"href":"http:\/\/installacions-audiovisuals.recursos.uoc.edu\/es\/wp-json\/wp\/v2\/types\/page"}],"author":[{"embeddable":true,"href":"http:\/\/installacions-audiovisuals.recursos.uoc.edu\/es\/wp-json\/wp\/v2\/users\/2"}],"replies":[{"embeddable":true,"href":"http:\/\/installacions-audiovisuals.recursos.uoc.edu\/es\/wp-json\/wp\/v2\/comments?post=734"}],"version-history":[{"count":7,"href":"http:\/\/installacions-audiovisuals.recursos.uoc.edu\/es\/wp-json\/wp\/v2\/pages\/734\/revisions"}],"predecessor-version":[{"id":1187,"href":"http:\/\/installacions-audiovisuals.recursos.uoc.edu\/es\/wp-json\/wp\/v2\/pages\/734\/revisions\/1187"}],"wp:attachment":[{"href":"http:\/\/installacions-audiovisuals.recursos.uoc.edu\/es\/wp-json\/wp\/v2\/media?parent=734"}],"curies":[{"name":"wp","href":"https:\/\/api.w.org\/{rel}","templated":true}]}}