{"id":806,"date":"2023-05-09T12:03:45","date_gmt":"2023-05-09T10:03:45","guid":{"rendered":"http:\/\/installacions-audiovisuals.recursos.uoc.edu\/?page_id=806"},"modified":"2023-07-12T11:04:09","modified_gmt":"2023-07-12T09:04:09","slug":"2-9-4-trabajo-on-site","status":"publish","type":"page","link":"http:\/\/installacions-audiovisuals.recursos.uoc.edu\/es\/2-9-4-trabajo-on-site\/","title":{"rendered":"2.9.4. Trabajo <em>on-site<\/em>"},"content":{"rendered":"<h4><strong>Montaje<\/strong><\/h4>\n<p>Llega el momento del montaje de los equipos t\u00e9cnicos. En funci\u00f3n del tama\u00f1o y de la complejidad t\u00e9cnica del evento, el montaje puede iniciarse unos d\u00edas antes de la fecha del estreno. Lo ideal es poder contar, como m\u00ednimo, con una jornada de montaje y pruebas antes del <em>show<\/em>. Para este prop\u00f3sito, hay que haber coordinado previamente con el equipo creativo y con los proveedores de servicios el d\u00eda, el lugar y la hora de la recepci\u00f3n del material y del montaje, para tener los contenidos audiovisuales definitivos del <em>show<\/em>.<\/p>\n<p>En Macao, se cont\u00f3 con unas jornadas de montaje y pruebas previas a la fecha del estreno, por lo que una parte del equipo t\u00e9cnico de Telenoika se desplaz\u00f3 para supervisar el cumplimiento del <em>rider<\/em> y el montaje y las pruebas de los equipos, y para realizar los ajustes t\u00e9cnicos necesarios en la proyecci\u00f3n de video de la fachada de las ruinas de S. Paul. Una vez supervisado el montaje t\u00e9cnico en coordinaci\u00f3n con el festival y el proveedor, y hechas las pruebas y los ajustes necesarios, ya estaba todo preparado para el estreno del <em>show<\/em>.<\/p>\n<p>Aunque el montaje de los equipos corresponda a un proveedor de servicios del festival donde participamos o del organizador del evento, siempre es necesario coordinar, supervisar y dirigir el montaje mediante la figura del director t\u00e9cnico, que es un componente de nuestro equipo de trabajo. Tanto si el montaje t\u00e9cnico depende de nosotros como si corre a cargo de la entidad que nos ha contratado el servicio, es interesante exigir condiciones de trabajo dignas para el personal t\u00e9cnico, y que se cumpla con los protocolos de seguridad y con la legislaci\u00f3n laboral en temas como horarios y descansos.<\/p>\n<p><strong>Exhibici\u00f3n<\/strong><\/p>\n<p>Esta es la culminaci\u00f3n de nuestro proyecto y el momento sin el que ninguna de las fases anteriores tendr\u00eda sentido; el momento en el que nuestra pieza va a ser expuesta ante los espectadores y en el que se cierra el c\u00edrculo del proceso creativo. Es cuando, en espect\u00e1culos como el <em>mapping<\/em>, podemos comprobar si las intenciones narrativas y est\u00e9ticas o los recursos en cuanto a efectos visuales funcionan, ya que el p\u00fablico reacciona de manera espont\u00e1nea ante las t\u00e9cnicas que, como creadores, hemos utilizado.<\/p>\n<h4><strong>Documentaci\u00f3n<\/strong><\/h4>\n<p>El caso de Telenoika Mapping puede ilustrarnos c\u00f3mo la buena documentaci\u00f3n de un proyecto realizado puede ser un buen reclamo y una oportunidad para proyectos futuros. La documentaci\u00f3n audiovisual del primer proyecto de <em>mapping<\/em> de Telenoika Mapping supuso un efecto casi viral en la \u00e9poca del Internet preredes sociales. Esto supuso para Telenoika Mapping cierto prestigio internacional en el sector de los profesionales de la creaci\u00f3n audiovisual en directo, y propici\u00f3 el desarrollo de otros tantos proyectos de <em>mapping<\/em>.<\/p>\n<p><iframe loading=\"lazy\" title=\"Encounters - \u5149\u5f71\u5927\u4e09\u5df4. Macau Arts Festival (China)\" src=\"https:\/\/player.vimeo.com\/video\/24642623?dnt=1&amp;app_id=122963\" width=\"640\" height=\"461\" frameborder=\"0\" allow=\"autoplay; fullscreen; picture-in-picture\" allowfullscreen><\/iframe><\/p>\n<div class=\"tablefooter\"><p>Video 41. Telenoika. <em>Encounters &#8211; <\/em><em>\u5149\u5f71\u5927\u4e09\u5df4<\/em>. Macau Arts Festival (China) (2011)<br \/>\nFuente: <a href=\"https:\/\/vimeo.com\/24642623?embedded=true&amp;source=video_title&amp;owner=2231145\" target=\"_blank\" rel=\"noopener\">https:\/\/vimeo.com\/24642623?embedded=true&amp;source=video_title&amp;owner=2231145<\/a><\/p>\n<\/div>\n<p><iframe loading=\"lazy\" title=\"Telenoika - &quot;Encontros&quot; - mapping audiovisual das Ru\u00ednas de S. Paulo (Macau)\" width=\"640\" height=\"360\" src=\"https:\/\/www.youtube.com\/embed\/0Jt4WDM_HY0?feature=oembed\" frameborder=\"0\" allow=\"accelerometer; autoplay; clipboard-write; encrypted-media; gyroscope; picture-in-picture; web-share\" allowfullscreen><\/iframe><\/p>\n<div class=\"tablefooter\"><p>Video 42. Entrevista a Telenoika. <em>Encounters &#8211; <\/em><em>\u5149\u5f71\u5927\u4e09\u5df4<\/em>. Macau Arts Festival (China) (2011)<br \/>\nFuente: <a href=\"https:\/\/www.youtube.com\/watch?v=0Jt4WDM_HY0\" target=\"_blank\" rel=\"noopener\">Telenoika &#8211; \u00abEncontros\u00bb &#8211; mapping audiovisual das Ru\u00ednas de S. Paulo (Macau)<\/a><\/p>\n<\/div>\n","protected":false},"excerpt":{"rendered":"<p>Montaje Llega el momento del montaje de los equipos t\u00e9cnicos. En funci\u00f3n del tama\u00f1o y de la complejidad t\u00e9cnica del evento, el montaje puede iniciarse unos d\u00edas antes de la fecha del estreno. Lo ideal es poder contar, como m\u00ednimo, con una jornada de montaje y pruebas antes del show. Para este prop\u00f3sito, hay que [&hellip;]<\/p>\n","protected":false},"author":2,"featured_media":0,"parent":0,"menu_order":0,"comment_status":"closed","ping_status":"closed","template":"","meta":[],"acf":[],"_links":{"self":[{"href":"http:\/\/installacions-audiovisuals.recursos.uoc.edu\/es\/wp-json\/wp\/v2\/pages\/806"}],"collection":[{"href":"http:\/\/installacions-audiovisuals.recursos.uoc.edu\/es\/wp-json\/wp\/v2\/pages"}],"about":[{"href":"http:\/\/installacions-audiovisuals.recursos.uoc.edu\/es\/wp-json\/wp\/v2\/types\/page"}],"author":[{"embeddable":true,"href":"http:\/\/installacions-audiovisuals.recursos.uoc.edu\/es\/wp-json\/wp\/v2\/users\/2"}],"replies":[{"embeddable":true,"href":"http:\/\/installacions-audiovisuals.recursos.uoc.edu\/es\/wp-json\/wp\/v2\/comments?post=806"}],"version-history":[{"count":7,"href":"http:\/\/installacions-audiovisuals.recursos.uoc.edu\/es\/wp-json\/wp\/v2\/pages\/806\/revisions"}],"predecessor-version":[{"id":1237,"href":"http:\/\/installacions-audiovisuals.recursos.uoc.edu\/es\/wp-json\/wp\/v2\/pages\/806\/revisions\/1237"}],"wp:attachment":[{"href":"http:\/\/installacions-audiovisuals.recursos.uoc.edu\/es\/wp-json\/wp\/v2\/media?parent=806"}],"curies":[{"name":"wp","href":"https:\/\/api.w.org\/{rel}","templated":true}]}}