{"id":851,"date":"2023-05-09T12:38:51","date_gmt":"2023-05-09T10:38:51","guid":{"rendered":"http:\/\/installacions-audiovisuals.recursos.uoc.edu\/?page_id=851"},"modified":"2023-07-12T11:05:33","modified_gmt":"2023-07-12T09:05:33","slug":"3-6-el-espectaculo-multimedia-de-las-ceremonias-de-los-juegos-olimpicos-a-los-grandes-conciertos-del-pop-global","status":"publish","type":"page","link":"http:\/\/installacions-audiovisuals.recursos.uoc.edu\/es\/3-6-el-espectaculo-multimedia-de-las-ceremonias-de-los-juegos-olimpicos-a-los-grandes-conciertos-del-pop-global\/","title":{"rendered":"3.6. El espect\u00e1culo multimedia: de las ceremonias de los juegos ol\u00edmpicos a los grandes conciertos del pop global"},"content":{"rendered":"<p>Gran parte de los desarrollos tecnol\u00f3gicos que han hecho posible la emergencia de las nuevas corrientes de arte digital centradas en las <strong>tecnolog\u00edas audiovisuales de la imagen, la luz y el sonido<\/strong> no podr\u00edan explicarse sin la <strong>industria del espect\u00e1culo<\/strong>. Desde mediados del siglo <span class=\"roman\">xx<\/span>, propiciada por los medios radiof\u00f3nicos y televisivos \u2013y, en las \u00faltimas d\u00e9cadas, tambi\u00e9n gracias a Internet\u2013, la industria de la m\u00fasica en directo ha crecido enormemente, dando lugar a bandas de m\u00fasicos que operan a escala planetaria y que ofrecen a sus seguidores experiencias en directo de altos vuelos. La industria musical del pop global es un negocio multimillonario, e integra todo tipo de productos al servicio de la experiencia musical y esc\u00e9nica, incluyendo, obviamente, los grandes espect\u00e1culos de m\u00fasica \u00aben directo\u00bb para los que la industria ha ido creando, de forma acelerada desde los a\u00f1os sesenta del siglo xx, todo tipo de sistemas de sonido, de iluminaci\u00f3n y de maquinaria esc\u00e9nica.<\/p>\n<p>Estos desarrollos t\u00e9cnicos, en forma de focos, l\u00e1seres, cabezas m\u00f3viles, proyectores, m\u00e1quinas de humo, altavoces, <em>subwoofers<\/em>, pirotecnia\u2026, se han popularizado y abaratado cada vez m\u00e1s, y a d\u00eda de hoy forman parte \u00ad\u2013en menor o mayor medida\u2013 de cualquier concierto de barrio o peque\u00f1o teatro.<\/p>\n<div class=\"featured featured-blue\"><p>Estas tecnolog\u00edas y sus protocolos estandarizados de control se han convertido en un elemento clave en la paleta de recursos de los artistas digitales del siglo xxi, y no es extra\u00f1o ver que la mayor\u00eda de creadores que trabajan con el sonido y la luz como materia lo hacen reutilizando estas tecnolog\u00edas y estos protocolos, subvirtiendo su uso.<\/p>\n<\/div>\n<p>Es por ello que es necesario estar al acecho de los nuevos desarrollos en las tecnolog\u00edas para el espect\u00e1culo, ya que es muy probable que en breve podamos ir incorporando estos nuevos recursos a nuestro propio conjunto de herramientas. En este sentido, vale la pena fijarse en las grandes ceremonias medi\u00e1ticas, como las de los juegos ol\u00edmpicos o las de los grandes eventos deportivos. A pesar de que estos acontecimientos tienen una est\u00e9tica popular y grandilocuente, suelen ser un term\u00f3metro fiable del estado del arte de la t\u00e9cnica, y en ellos solemos encontrar buenas ideas ejecutadas por t\u00e9cnicos de primer\u00edsimo nivel.<\/p>\n<p>El d\u00fao de <strong>escen\u00f3grafos e iluminadores<\/strong> catalanes <a href=\"http:\/\/cube.bz\/\" target=\"_blank\" rel=\"noopener\"><strong>Cube.bz<\/strong><\/a> llevan m\u00e1s de quince a\u00f1os creando espacios esc\u00e9nicos para la m\u00fasica y el teatro, y haciendo evolucionar un lenguaje personal que los ha llevado hasta proyectos cada vez m\u00e1s ambiciosos. Sin dejar nunca de lado su est\u00e9tica esencial y minimalista \u2013incluso <em>brutalista<\/em>\u2013, han colaborado con artistas como C. Tangana y Rosal\u00eda, y han creado escenograf\u00edas para el Gran Teatre del Liceu o el Palau de la M\u00fasica.<\/p>\n<p>Como caso de estudio particular, y vinculado a la idea de las escenograf\u00edas medi\u00e1ticas como fuente de inspiraci\u00f3n para el trabajo de instalaciones de sonido y luz, os proponemos analizar atentamente el trabajo de Cube.bz para la ceremonia de entrega de los premios Goya, acompa\u00f1ando a la artista Rosal\u00eda. El uso de la luz y el contraluz, las estructuras esc\u00e9nicas \u2013siempre de un cromatismo muy contenido\u2013, el vestuario y la gestualidad de los cantantes y figurantes dan lugar a un formato escenogr\u00e1fico pensado para el formato televisivo, profundamente emotivo a pesar de su sencillez formal.<\/p>\n<p><iframe loading=\"lazy\" title=\"Rosal\u00eda canta &#039;Me quedo contigo&#039; | Goya 2019\" width=\"640\" height=\"360\" src=\"https:\/\/www.youtube.com\/embed\/32d1bq-kG5c?feature=oembed\" frameborder=\"0\" allow=\"accelerometer; autoplay; clipboard-write; encrypted-media; gyroscope; picture-in-picture; web-share\" allowfullscreen><\/iframe><\/p>\n<div class=\"tablefooter\"><p>Video 52. Rosal\u00eda. <em>Me quedo contigo<\/em>. Ceremonia de entrega de los premios Goya (2019)<br \/>\nFuente: <a href=\"https:\/\/www.youtube.com\/watch?v=32d1bq-kG5c&amp;ab_channel=RTVE\" target=\"_blank\" rel=\"noopener\">https:\/\/www.youtube.com\/watch?v=32d1bq-kG5c&amp;ab_channel=RTVE<\/a><\/p>\n<\/div>\n","protected":false},"excerpt":{"rendered":"<p>Gran parte de los desarrollos tecnol\u00f3gicos que han hecho posible la emergencia de las nuevas corrientes de arte digital centradas en las tecnolog\u00edas audiovisuales de la imagen, la luz y el sonido no podr\u00edan explicarse sin la industria del espect\u00e1culo. Desde mediados del siglo , propiciada por los medios radiof\u00f3nicos y televisivos \u2013y, en las [&hellip;]<\/p>\n","protected":false},"author":2,"featured_media":0,"parent":0,"menu_order":0,"comment_status":"closed","ping_status":"closed","template":"","meta":[],"acf":[],"_links":{"self":[{"href":"http:\/\/installacions-audiovisuals.recursos.uoc.edu\/es\/wp-json\/wp\/v2\/pages\/851"}],"collection":[{"href":"http:\/\/installacions-audiovisuals.recursos.uoc.edu\/es\/wp-json\/wp\/v2\/pages"}],"about":[{"href":"http:\/\/installacions-audiovisuals.recursos.uoc.edu\/es\/wp-json\/wp\/v2\/types\/page"}],"author":[{"embeddable":true,"href":"http:\/\/installacions-audiovisuals.recursos.uoc.edu\/es\/wp-json\/wp\/v2\/users\/2"}],"replies":[{"embeddable":true,"href":"http:\/\/installacions-audiovisuals.recursos.uoc.edu\/es\/wp-json\/wp\/v2\/comments?post=851"}],"version-history":[{"count":5,"href":"http:\/\/installacions-audiovisuals.recursos.uoc.edu\/es\/wp-json\/wp\/v2\/pages\/851\/revisions"}],"predecessor-version":[{"id":1238,"href":"http:\/\/installacions-audiovisuals.recursos.uoc.edu\/es\/wp-json\/wp\/v2\/pages\/851\/revisions\/1238"}],"wp:attachment":[{"href":"http:\/\/installacions-audiovisuals.recursos.uoc.edu\/es\/wp-json\/wp\/v2\/media?parent=851"}],"curies":[{"name":"wp","href":"https:\/\/api.w.org\/{rel}","templated":true}]}}