{"id":882,"date":"2023-05-09T13:10:01","date_gmt":"2023-05-09T11:10:01","guid":{"rendered":"http:\/\/installacions-audiovisuals.recursos.uoc.edu\/?page_id=882"},"modified":"2023-07-04T10:19:58","modified_gmt":"2023-07-04T08:19:58","slug":"3-10-2-proyecto-tecnico","status":"publish","type":"page","link":"http:\/\/installacions-audiovisuals.recursos.uoc.edu\/es\/3-10-2-proyecto-tecnico\/","title":{"rendered":"3.10.2. Proyecto t\u00e9cnico"},"content":{"rendered":"<div class=\"featured featured-blue\"><p>El proyecto t\u00e9cnico hace referencia a los aspectos de ingenier\u00eda y arquitectura de la obra. Incluye la confecci\u00f3n de planos detallados de implantaci\u00f3n, los listados de materiales y la coordinaci\u00f3n con proveedores de materiales y servicios.<\/p>\n<\/div>\n<h4><strong>Planos<\/strong><\/h4>\n<p>Una vez aprobado el proyecto, hay que trabajar en la implantaci\u00f3n definitiva de los materiales, ya que queremos definir el n\u00famero exacto y la ubicaci\u00f3n de los aparatos, la largada de los cableados, los metros y vol\u00famenes de estructuras de arquitectura ef\u00edmera, los c\u00e1lculos de pesos, etc. Tambi\u00e9n hay que confeccionar los planos de construcci\u00f3n de las arquitecturas ef\u00edmeras o de los elementos escult\u00f3ricos \u2013si existen\u2013, en el caso de que queramos externalizar su fabricaci\u00f3n.<\/p>\n<p>En el ejemplo del apartatdo anterior \u00ab<a href=\"http:\/\/installacions-audiovisuals.recursos.uoc.edu\/es\/3-10-1-preprojecte\/\" target=\"_blank\" rel=\"noopener\">3.10.1. preproyecto<\/a>\u00bb <em>Horizon<\/em>, de Playmodes, pod\u00e9is ver c\u00f3mo se ha trabajado el plano definitivo de implantaci\u00f3n, con los detalles del cableado y la ubicaci\u00f3n de las luminarias, los altavoces y la pantalla en la figura 20.<\/p>\n<h4><strong><em>Rider <\/em>t\u00e9cnico<\/strong><\/h4>\n<p>Derivado del plano de implantaci\u00f3n t\u00e9cnica, debemos definir un <em>rider<\/em> t\u00e9cnico. El <em>rider<\/em> o especificaci\u00f3n t\u00e9cnica es un listado de materiales espec\u00edficos en el que se concretan las marcas, los modelos, las potencias y las caracter\u00edsticas de los aparatos y las estructuras que necesitamos.<\/p>\n<p>Aqu\u00ed pod\u00e9is ver al <em>rider<\/em> t\u00e9cnico que Playmodes ped\u00eda para la pieza <em>Horizon<\/em>:<\/p>\n<div class=\"tabletitle\"><p>Tabla 3. <em>Rider<\/em> t\u00e9cnico<\/p>\n<\/div>\n<table>\n<tbody>\n<tr>\n<th scope=\"row\"><em>Provided by the organization<\/em><\/th>\n<td>\n<ul>\n<li><em>1x outdoors LED screen 18 x 3 m.<\/em><\/li>\n<li><em>Video wiring.<\/em><\/li>\n<li><em>Qualified video engineer.<\/em><\/li>\n<li><em>64x 1000 w RGB wash light fixtures.<\/em><\/li>\n<li><em>DMX wiring32x wedge 1000 w speakers.<\/em><\/li>\n<li><em>1x line array stereo PA.<\/em><\/li>\n<li><em>2x 21\u201d subwoofers (endfire setup).<\/em><\/li>\n<li><em>Sound amplifiers and wiring for a 35 independent channels setup (DANTE).<\/em><\/li>\n<li><em>Digital audio mixer for 35 channel output operation (DANTE) (Yamaha QL5).<\/em><\/li>\n<li><em>Qualified audio engineer.<\/em><\/li>\n<li><em>Control booth.<\/em><\/li>\n<li><em>Setup\/Rigging team.<\/em><\/li>\n<\/ul>\n<\/td>\n<\/tr>\n<tr>\n<th scope=\"row\"><em>Provided by Playmodes<\/em><\/th>\n<td>\n<ul>\n<li><em>2x control computers.<\/em><\/li>\n<li><em>Network switches and wiring.<\/em><\/li>\n<li><em>Artnet\/DMX interfaces.<\/em><\/li>\n<li><em>2x qualified multimedia engineers.<\/em><\/li>\n<\/ul>\n<\/td>\n<\/tr>\n<\/tbody>\n<\/table>\n<h4><strong>Coordinaci\u00f3n con los proveedores<\/strong><\/h4>\n<p>Una vez definidos la implantaci\u00f3n sobre plano y el <em>rider<\/em> t\u00e9cnico, hay que cotejar con los proveedores la disponibilidad y el coste de los materiales. Este es un proceso de di\u00e1logo iterativo: los proveedores contestan con un <em>contrarider<\/em> que incluye materiales equivalentes si no tienen los materiales que se solicitan, o nos ayudan con la confecci\u00f3n del <em>rider<\/em> si no somos especialistas en marcas y modelos concretos de aparatos o estructuras.<\/p>\n<p>Si la instalaci\u00f3n implica grandes vol\u00famenes de material construidos por nosotros mismos, es posible que necesitemos contratar el transporte si no disponemos de un cami\u00f3n o una furgoneta. En este caso, hay que tener muy claro el cubicaje de nuestros materiales para que, a partir de esta informaci\u00f3n, las compa\u00f1\u00edas de transporte puedan determinar los veh\u00edculos adecuados.<\/p>\n","protected":false},"excerpt":{"rendered":"<p>Planos Una vez aprobado el proyecto, hay que trabajar en la implantaci\u00f3n definitiva de los materiales, ya que queremos definir el n\u00famero exacto y la ubicaci\u00f3n de los aparatos, la largada de los cableados, los metros y vol\u00famenes de estructuras de arquitectura ef\u00edmera, los c\u00e1lculos de pesos, etc. Tambi\u00e9n hay que confeccionar los planos de [&hellip;]<\/p>\n","protected":false},"author":2,"featured_media":0,"parent":0,"menu_order":0,"comment_status":"closed","ping_status":"closed","template":"","meta":[],"acf":[],"_links":{"self":[{"href":"http:\/\/installacions-audiovisuals.recursos.uoc.edu\/es\/wp-json\/wp\/v2\/pages\/882"}],"collection":[{"href":"http:\/\/installacions-audiovisuals.recursos.uoc.edu\/es\/wp-json\/wp\/v2\/pages"}],"about":[{"href":"http:\/\/installacions-audiovisuals.recursos.uoc.edu\/es\/wp-json\/wp\/v2\/types\/page"}],"author":[{"embeddable":true,"href":"http:\/\/installacions-audiovisuals.recursos.uoc.edu\/es\/wp-json\/wp\/v2\/users\/2"}],"replies":[{"embeddable":true,"href":"http:\/\/installacions-audiovisuals.recursos.uoc.edu\/es\/wp-json\/wp\/v2\/comments?post=882"}],"version-history":[{"count":8,"href":"http:\/\/installacions-audiovisuals.recursos.uoc.edu\/es\/wp-json\/wp\/v2\/pages\/882\/revisions"}],"predecessor-version":[{"id":1077,"href":"http:\/\/installacions-audiovisuals.recursos.uoc.edu\/es\/wp-json\/wp\/v2\/pages\/882\/revisions\/1077"}],"wp:attachment":[{"href":"http:\/\/installacions-audiovisuals.recursos.uoc.edu\/es\/wp-json\/wp\/v2\/media?parent=882"}],"curies":[{"name":"wp","href":"https:\/\/api.w.org\/{rel}","templated":true}]}}