{"id":893,"date":"2023-05-09T13:22:44","date_gmt":"2023-05-09T11:22:44","guid":{"rendered":"http:\/\/installacions-audiovisuals.recursos.uoc.edu\/?page_id=893"},"modified":"2023-06-13T13:18:47","modified_gmt":"2023-06-13T11:18:47","slug":"3-10-4-trabajo-on-site","status":"publish","type":"page","link":"http:\/\/installacions-audiovisuals.recursos.uoc.edu\/es\/3-10-4-trabajo-on-site\/","title":{"rendered":"3.10.4. Trabajo <em>on-site<\/em>"},"content":{"rendered":"<p>Encaramos la \u00faltima fase de producci\u00f3n de nuestra obra: el montaje y la exhibici\u00f3n. Esta es la fase en la que desarrollamos todo el trabajo realizado anteriormente y lo ofrecemos al p\u00fablico. Es importante, como en el resto de fases \u2013\u00a1pero aqu\u00ed especialmente!\u2013, cuidar los detalles y los acabados del montaje. Dependiendo de si la exhibici\u00f3n es ef\u00edmera o semipermanente o de si se hace en un espacio exterior o en un espacio interior, o en funci\u00f3n del tipo de p\u00fablico que recibir\u00e1 \u2013familiar, experto\u2013, los acabados y las medidas de seguridad tendr\u00e1n que ser de una u otra naturaleza.<\/p>\n<h4><strong>Montaje<\/strong><\/h4>\n<p>Debemos reservar el tiempo necesario para montar los dispositivos, las estructuras y el atrezo de la instalaci\u00f3n. Siempre es aconsejable hacer una previsi\u00f3n conservadora y a\u00f1adir un d\u00eda de <em>backup<\/em> para tener margen de actuaci\u00f3n por si algo falla durante el montaje.<\/p>\n<p>Tambi\u00e9n es muy importante disponer de un equipo humano de montaje de confianza, que entienda nuestras necesidades y que trabaje con las condiciones laborales \u00f3ptimas de tiempo de descanso, seguridad y trato econ\u00f3mico. Habitualmente, los t\u00e9cnicos de montaje son contratados por la organizaci\u00f3n \u2013festival, museo, galer\u00eda\u2026\u2013, pero siempre est\u00e1 bien contactar con ellos unos d\u00edas antes para explicarles nuestras necesidades y para estar alineados de cara al montaje.<\/p>\n<p>En el caso de la pieza <em>Horizon<\/em>, de Playmodes, los operarios de montaje y los t\u00e9cnicos de luz, video y sonido se organizaron bajo la direcci\u00f3n t\u00e9cnica de uno de los miembros del equipo Playmodes, y sobre la base de los planos de implantaci\u00f3n previa confeccionados en una fase anterior. Estos planos se hab\u00edan compartido previamente con todos los equipos, y las fuerzas humanas se dimensionaron seg\u00fan la previsi\u00f3n del volumen de trabajo.<\/p>\n<p>El personal implicado en el montaje de la instalaci\u00f3n fue el siguiente:<\/p>\n<ul>\n<li>Montaje de <em>truss<\/em> y pantalla LED: 4 personas.<\/li>\n<li>Montaje de sistemas de sonido: 3 personas.<\/li>\n<li>Montaje de iluminaci\u00f3n: 2 personas.<\/li>\n<li>T\u00e9cnico de video: 1 persona.<\/li>\n<li>T\u00e9cnico de sonido: 1 persona.<\/li>\n<li>Seguridad: 1 persona.<\/li>\n<li>Equipo Playmodes: 4 personas.<\/li>\n<\/ul>\n<h4><strong>Exhibici\u00f3n<\/strong><\/h4>\n<p>Cuando el montaje se ha alcanzado positivamente, llega el momento de la exhibici\u00f3n. Este es el momento m\u00e1s bonito de todo el proceso, pues podemos ver nuestra obra terminada y recibir el <em>feedback <\/em>de los espectadores, que nos ayudar\u00e1 a mejorar la obra en un futuro. En este sentido, es importante que podamos observar la pieza desde tantas \u00f3pticas como nos sea posible para captar los resultados, las debilidades y las fortalezas, con el objetivo de mejorar los detalles en una pr\u00f3xima ocasi\u00f3n.<\/p>\n<h4><strong>Documentaci\u00f3n<\/strong><\/h4>\n<p>Tan importante como el proceso creativo es la documentaci\u00f3n de la pieza acabada. Unas buenas grabaciones de v\u00eddeo y de audio de la pieza, desde diferentes puntos de vista, nos permitir\u00e1n conservar un recuerdo de la pieza y tambi\u00e9n obtener material promocional para un futuro. Hay que reservar, pues, un tiempo durante el periodo de exhibici\u00f3n para documentar bien la obra, contratando, si es necesario, a profesionales de la grabaci\u00f3n de v\u00eddeo o de la fotograf\u00eda. Como por ejemplo ser\u00edan los <a href=\"https:\/\/mindthefilm.co.uk\/works\/\" target=\"_blank\" rel=\"noopener\">Mind the Film<\/a>.<\/p>\n<p>&nbsp;<\/p>\n<h4><strong>Desmontaje<\/strong><\/h4>\n<p>En la mayor\u00eda de los casos, los desmontajes son m\u00e1s sencillos que los montajes. Si se da el caso de que los materiales de la instalaci\u00f3n son de alquiler, las propias empresas proveedoras se encargan de recoger y transportar los materiales a sus almacenes. En el caso de los materiales propios, debemos tener cuidado de recogerlo todo sin estropearlo para poder reaprovechar los materiales para futuras ocasiones.<\/p>\n","protected":false},"excerpt":{"rendered":"<p>Encaramos la \u00faltima fase de producci\u00f3n de nuestra obra: el montaje y la exhibici\u00f3n. Esta es la fase en la que desarrollamos todo el trabajo realizado anteriormente y lo ofrecemos al p\u00fablico. Es importante, como en el resto de fases \u2013\u00a1pero aqu\u00ed especialmente!\u2013, cuidar los detalles y los acabados del montaje. Dependiendo de si la [&hellip;]<\/p>\n","protected":false},"author":2,"featured_media":0,"parent":0,"menu_order":0,"comment_status":"closed","ping_status":"closed","template":"","meta":[],"acf":[],"_links":{"self":[{"href":"http:\/\/installacions-audiovisuals.recursos.uoc.edu\/es\/wp-json\/wp\/v2\/pages\/893"}],"collection":[{"href":"http:\/\/installacions-audiovisuals.recursos.uoc.edu\/es\/wp-json\/wp\/v2\/pages"}],"about":[{"href":"http:\/\/installacions-audiovisuals.recursos.uoc.edu\/es\/wp-json\/wp\/v2\/types\/page"}],"author":[{"embeddable":true,"href":"http:\/\/installacions-audiovisuals.recursos.uoc.edu\/es\/wp-json\/wp\/v2\/users\/2"}],"replies":[{"embeddable":true,"href":"http:\/\/installacions-audiovisuals.recursos.uoc.edu\/es\/wp-json\/wp\/v2\/comments?post=893"}],"version-history":[{"count":5,"href":"http:\/\/installacions-audiovisuals.recursos.uoc.edu\/es\/wp-json\/wp\/v2\/pages\/893\/revisions"}],"predecessor-version":[{"id":1038,"href":"http:\/\/installacions-audiovisuals.recursos.uoc.edu\/es\/wp-json\/wp\/v2\/pages\/893\/revisions\/1038"}],"wp:attachment":[{"href":"http:\/\/installacions-audiovisuals.recursos.uoc.edu\/es\/wp-json\/wp\/v2\/media?parent=893"}],"curies":[{"name":"wp","href":"https:\/\/api.w.org\/{rel}","templated":true}]}}