{"id":921,"date":"2023-05-09T13:50:21","date_gmt":"2023-05-09T11:50:21","guid":{"rendered":"http:\/\/installacions-audiovisuals.recursos.uoc.edu\/?page_id=921"},"modified":"2023-07-06T10:12:48","modified_gmt":"2023-07-06T08:12:48","slug":"4-2-2-interaccion-de-audio","status":"publish","type":"page","link":"http:\/\/installacions-audiovisuals.recursos.uoc.edu\/es\/4-2-2-interaccion-de-audio\/","title":{"rendered":"4.2.2. Interacci\u00f3n de audio"},"content":{"rendered":"<p>Para poder materializar interacciones basadas en el audio necesitamos, b\u00e1sicamente, un micr\u00f3fono que capture el sonido ambiente o directo con el fin de analizar su contenido sonoro. A partir de ah\u00ed, una serie de t\u00e9cnicas nos permitir\u00e1n hacer interacciones variadas.<\/p>\n<ul>\n<li><strong>Seguimiento del volumen<\/strong>. Analizando el volumen de la se\u00f1al de audio podemos dise\u00f1ar interacciones basadas en el ruido ambiente, el volumen de la voz humana o las fluctuaciones de intensidad en el tiempo. Pensemos, por ejemplo, en un <em>aplaus\u00f3metro<\/em>.<\/li>\n<li><strong>Seguimiento del tono<\/strong>. Analizando la frecuencia predominante de una se\u00f1al podemos obtener la nota musical. Este tipo de an\u00e1lisis nos permite dise\u00f1ar interacciones basadas en los tonos de voz (de m\u00e1s grave a m\u00e1s agudo), detectar melod\u00edas, etc.<\/li>\n<li><strong>An\u00e1lisis espectral<\/strong>. Analizando todo el espectro de frecuencias presentes en una se\u00f1al, obtenemos una huella detallada de la imagen sonora del espacio donde se encuentra el micr\u00f3fono. Esto nos puede permitir determinar si es un espacio ruidoso o silencioso, y qu\u00e9 tipo de sonidos est\u00e1n presentes en el espacio.<\/li>\n<li><strong>\u00d3rdenes verbales<\/strong>. Un conjunto de algoritmos de <em>software<\/em> permiten, a d\u00eda de hoy, hacer reconocimientos del habla y utilizar \u00f3rdenes verbales como elementos de interacci\u00f3n. Pensemos, por ejemplo, en algunos asistentes de IA, como Siri o Alexa.<\/li>\n<\/ul>\n<p><iframe loading=\"lazy\" title=\"SPIRALALALA - singing architecture\" src=\"https:\/\/player.vimeo.com\/video\/296520382?dnt=1&amp;app_id=122963\" width=\"640\" height=\"360\" frameborder=\"0\" allow=\"autoplay; fullscreen; picture-in-picture\" allowfullscreen><\/iframe><\/p>\n<div class=\"tablefooter\"><p>Video 68. panGenerator. <em>Spiralalala<\/em> (2018)<br \/>\nFuente: <a href=\"https:\/\/vimeo.com\/pangenerator\/spiralalala\" target=\"_blank\" rel=\"noopener\">https:\/\/vimeo.com\/pangenerator\/spiralalala<\/a><\/p>\n<\/div>\n<div class=\"featured featured-grey\"><p>Para m\u00e1s informaci\u00f3n:<\/p>\n<p><a href=\"https:\/\/pangenerator.com\/\" target=\"_blank\" rel=\"noopener\">https:\/\/pangenerator.com\/<\/a><\/p>\n<\/div>\n","protected":false},"excerpt":{"rendered":"<p>Para poder materializar interacciones basadas en el audio necesitamos, b\u00e1sicamente, un micr\u00f3fono que capture el sonido ambiente o directo con el fin de analizar su contenido sonoro. A partir de ah\u00ed, una serie de t\u00e9cnicas nos permitir\u00e1n hacer interacciones variadas. Seguimiento del volumen. Analizando el volumen de la se\u00f1al de audio podemos dise\u00f1ar interacciones basadas [&hellip;]<\/p>\n","protected":false},"author":2,"featured_media":0,"parent":0,"menu_order":0,"comment_status":"closed","ping_status":"closed","template":"","meta":[],"acf":[],"_links":{"self":[{"href":"http:\/\/installacions-audiovisuals.recursos.uoc.edu\/es\/wp-json\/wp\/v2\/pages\/921"}],"collection":[{"href":"http:\/\/installacions-audiovisuals.recursos.uoc.edu\/es\/wp-json\/wp\/v2\/pages"}],"about":[{"href":"http:\/\/installacions-audiovisuals.recursos.uoc.edu\/es\/wp-json\/wp\/v2\/types\/page"}],"author":[{"embeddable":true,"href":"http:\/\/installacions-audiovisuals.recursos.uoc.edu\/es\/wp-json\/wp\/v2\/users\/2"}],"replies":[{"embeddable":true,"href":"http:\/\/installacions-audiovisuals.recursos.uoc.edu\/es\/wp-json\/wp\/v2\/comments?post=921"}],"version-history":[{"count":6,"href":"http:\/\/installacions-audiovisuals.recursos.uoc.edu\/es\/wp-json\/wp\/v2\/pages\/921\/revisions"}],"predecessor-version":[{"id":1206,"href":"http:\/\/installacions-audiovisuals.recursos.uoc.edu\/es\/wp-json\/wp\/v2\/pages\/921\/revisions\/1206"}],"wp:attachment":[{"href":"http:\/\/installacions-audiovisuals.recursos.uoc.edu\/es\/wp-json\/wp\/v2\/media?parent=921"}],"curies":[{"name":"wp","href":"https:\/\/api.w.org\/{rel}","templated":true}]}}